{"id":1533,"date":"2025-09-27T20:58:39","date_gmt":"2025-09-27T21:00:50","guid":{"rendered":"https:\/\/window-sale.com\/?post_type=product&#038;p=1533"},"modified":"2025-09-27T21:00:50","modified_gmt":"2025-09-27T21:00:50","slug":"fcpa-d-line","status":"publish","type":"product","link":"https:\/\/dynatrade.de\/de\/produkte\/fcpa-d-line\/","title":{"rendered":"FCPA D-Line"},"content":{"rendered":"","protected":false},"excerpt":{"rendered":"<p>Die abgewinkelte Anbausteckdose findet Anwendung in Schaltanlagen, Baumaschinen und Industriegeb\u00e4uden. Durch ihre spezielle Bauform l\u00e4sst sie sich besonders leicht mit der Kupplung verbinden und \u00fcberzeugt zugleich mit robuster Verarbeitung, hoher Belastbarkeit sowie zuverl\u00e4ssiger Verbindungstechnik \u2013 f\u00fcr maximale Sicherheit und langfristige Funktionsf\u00e4higkeit auch unter anspruchsvollen Bedingungen.<\/p>\n","protected":false},"featured_media":837,"comment_status":"open","ping_status":"closed","template":"","meta":[],"product_brand":[],"product_cat":[125],"product_tag":[],"ampere":[82],"voltage":[37,41,40,39,38],"poles":[136,85],"certs":[133,134,135,132],"class_list":{"0":"post-1533","1":"product","2":"type-product","3":"status-publish","4":"has-post-thumbnail","6":"product_cat-anbausteckdose-abgewinkelt","7":"ampere-160a","8":"voltage-1000v","9":"voltage-230v","10":"voltage-400v","11":"voltage-500v","12":"voltage-690v","13":"poles-4p","14":"poles-5p","15":"certs-ce","16":"certs-reach","17":"certs-rohs","18":"certs-vde","20":"first","21":"instock","22":"shipping-taxable","23":"product-type-simple"},"acf":[],"yoast_head":"<!-- This site is optimized with the Yoast SEO plugin v25.2 - https:\/\/yoast.com\/wordpress\/plugins\/seo\/ -->\n<title>FCPA D-Line - DynaTrade<\/title>\n<meta name=\"robots\" content=\"index, follow, max-snippet:-1, max-image-preview:large, max-video-preview:-1\" \/>\n<link rel=\"canonical\" href=\"https:\/\/dynatrade.de\/de\/produkte\/fcpa-d-line\/\" \/>\n<meta property=\"og:locale\" content=\"de_DE\" \/>\n<meta property=\"og:type\" content=\"article\" \/>\n<meta property=\"og:title\" content=\"FCPA D-Line - DynaTrade\" \/>\n<meta property=\"og:description\" content=\"Die abgewinkelte Anbausteckdose findet Anwendung in Schaltanlagen, Baumaschinen und Industriegeb\u00e4uden. Durch ihre spezielle Bauform l\u00e4sst sie sich besonders leicht mit der Kupplung verbinden und \u00fcberzeugt zugleich mit robuster Verarbeitung, hoher Belastbarkeit sowie zuverl\u00e4ssiger Verbindungstechnik \u2013 f\u00fcr maximale Sicherheit und langfristige Funktionsf\u00e4higkeit auch unter anspruchsvollen Bedingungen.\" \/>\n<meta property=\"og:url\" content=\"https:\/\/dynatrade.de\/de\/produkte\/fcpa-d-line\/\" \/>\n<meta property=\"og:site_name\" content=\"DynaTrade\" \/>\n<meta property=\"article:publisher\" content=\"https:\/\/facebook.com\/dynatrade\" \/>\n<meta property=\"og:image\" content=\"https:\/\/dynatrade.de\/wp-content\/uploads\/2024\/11\/fcpa_d_line_2.jpg\" \/>\n\t<meta property=\"og:image:width\" content=\"1024\" \/>\n\t<meta property=\"og:image:height\" content=\"1024\" \/>\n\t<meta property=\"og:image:type\" content=\"image\/jpeg\" \/>\n<meta name=\"twitter:card\" content=\"summary_large_image\" \/>\n<meta name=\"twitter:site\" content=\"@dynatrade\" \/>\n<script type=\"application\/ld+json\" class=\"yoast-schema-graph\">{\"@context\":\"https:\/\/schema.org\",\"@graph\":[{\"@type\":\"WebPage\",\"@id\":\"https:\/\/dynatrade.de\/de\/produkte\/fcpa-d-line\/\",\"url\":\"https:\/\/dynatrade.de\/de\/produkte\/fcpa-d-line\/\",\"name\":\"FCPA D-Line - DynaTrade\",\"isPartOf\":{\"@id\":\"https:\/\/dynatrade.de\/de\/#website\"},\"primaryImageOfPage\":{\"@id\":\"https:\/\/dynatrade.de\/de\/produkte\/fcpa-d-line\/#primaryimage\"},\"image\":{\"@id\":\"https:\/\/dynatrade.de\/de\/produkte\/fcpa-d-line\/#primaryimage\"},\"thumbnailUrl\":\"https:\/\/dynatrade.de\/wp-content\/uploads\/2024\/11\/fcpa_d_line_2.jpg\",\"datePublished\":\"2025-09-27T21:00:50+00:00\",\"breadcrumb\":{\"@id\":\"https:\/\/dynatrade.de\/de\/produkte\/fcpa-d-line\/#breadcrumb\"},\"inLanguage\":\"de\",\"potentialAction\":[{\"@type\":\"ReadAction\",\"target\":[\"https:\/\/dynatrade.de\/de\/produkte\/fcpa-d-line\/\"]}]},{\"@type\":\"ImageObject\",\"inLanguage\":\"de\",\"@id\":\"https:\/\/dynatrade.de\/de\/produkte\/fcpa-d-line\/#primaryimage\",\"url\":\"https:\/\/dynatrade.de\/wp-content\/uploads\/2024\/11\/fcpa_d_line_2.jpg\",\"contentUrl\":\"https:\/\/dynatrade.de\/wp-content\/uploads\/2024\/11\/fcpa_d_line_2.jpg\",\"width\":1024,\"height\":1024},{\"@type\":\"BreadcrumbList\",\"@id\":\"https:\/\/dynatrade.de\/de\/produkte\/fcpa-d-line\/#breadcrumb\",\"itemListElement\":[{\"@type\":\"ListItem\",\"position\":1,\"name\":\"Home\",\"item\":\"https:\/\/dynatrade.de\/de\/\"},{\"@type\":\"ListItem\",\"position\":2,\"name\":\"Produkte\",\"item\":\"https:\/\/dynatrade.de\/products\/\"},{\"@type\":\"ListItem\",\"position\":3,\"name\":\"FCPA D-Line\"}]},{\"@type\":\"WebSite\",\"@id\":\"https:\/\/dynatrade.de\/de\/#website\",\"url\":\"https:\/\/dynatrade.de\/de\/\",\"name\":\"DYNA TRADE\",\"description\":\"\",\"publisher\":{\"@id\":\"https:\/\/dynatrade.de\/de\/#organization\"},\"potentialAction\":[{\"@type\":\"SearchAction\",\"target\":{\"@type\":\"EntryPoint\",\"urlTemplate\":\"https:\/\/dynatrade.de\/de\/?s={search_term_string}\"},\"query-input\":{\"@type\":\"PropertyValueSpecification\",\"valueRequired\":true,\"valueName\":\"search_term_string\"}}],\"inLanguage\":\"de\"},{\"@type\":\"Organization\",\"@id\":\"https:\/\/dynatrade.de\/de\/#organization\",\"name\":\"DYNA TRADE\",\"url\":\"https:\/\/dynatrade.de\/de\/\",\"logo\":{\"@type\":\"ImageObject\",\"inLanguage\":\"de\",\"@id\":\"https:\/\/dynatrade.de\/de\/#\/schema\/logo\/image\/\",\"url\":\"https:\/\/dynatrade.de\/wp-content\/uploads\/2025\/09\/cropped-dynatrade-logo-header-1.png\",\"contentUrl\":\"https:\/\/dynatrade.de\/wp-content\/uploads\/2025\/09\/cropped-dynatrade-logo-header-1.png\",\"width\":904,\"height\":167,\"caption\":\"DYNA TRADE\"},\"image\":{\"@id\":\"https:\/\/dynatrade.de\/de\/#\/schema\/logo\/image\/\"},\"sameAs\":[\"https:\/\/facebook.com\/dynatrade\",\"https:\/\/x.com\/dynatrade\"]}]}<\/script>\n<!-- \/ Yoast SEO plugin. -->","yoast_head_json":{"title":"FCPA D-Line - DynaTrade","robots":{"index":"index","follow":"follow","max-snippet":"max-snippet:-1","max-image-preview":"max-image-preview:large","max-video-preview":"max-video-preview:-1"},"canonical":"https:\/\/dynatrade.de\/de\/produkte\/fcpa-d-line\/","og_locale":"de_DE","og_type":"article","og_title":"FCPA D-Line - DynaTrade","og_description":"Die abgewinkelte Anbausteckdose findet Anwendung in Schaltanlagen, Baumaschinen und Industriegeb\u00e4uden. Durch ihre spezielle Bauform l\u00e4sst sie sich besonders leicht mit der Kupplung verbinden und \u00fcberzeugt zugleich mit robuster Verarbeitung, hoher Belastbarkeit sowie zuverl\u00e4ssiger Verbindungstechnik \u2013 f\u00fcr maximale Sicherheit und langfristige Funktionsf\u00e4higkeit auch unter anspruchsvollen Bedingungen.","og_url":"https:\/\/dynatrade.de\/de\/produkte\/fcpa-d-line\/","og_site_name":"DynaTrade","article_publisher":"https:\/\/facebook.com\/dynatrade","og_image":[{"width":1024,"height":1024,"url":"https:\/\/dynatrade.de\/wp-content\/uploads\/2024\/11\/fcpa_d_line_2.jpg","type":"image\/jpeg"}],"twitter_card":"summary_large_image","twitter_site":"@dynatrade","schema":{"@context":"https:\/\/schema.org","@graph":[{"@type":"WebPage","@id":"https:\/\/dynatrade.de\/de\/produkte\/fcpa-d-line\/","url":"https:\/\/dynatrade.de\/de\/produkte\/fcpa-d-line\/","name":"FCPA D-Line - DynaTrade","isPartOf":{"@id":"https:\/\/dynatrade.de\/de\/#website"},"primaryImageOfPage":{"@id":"https:\/\/dynatrade.de\/de\/produkte\/fcpa-d-line\/#primaryimage"},"image":{"@id":"https:\/\/dynatrade.de\/de\/produkte\/fcpa-d-line\/#primaryimage"},"thumbnailUrl":"https:\/\/dynatrade.de\/wp-content\/uploads\/2024\/11\/fcpa_d_line_2.jpg","datePublished":"2025-09-27T21:00:50+00:00","breadcrumb":{"@id":"https:\/\/dynatrade.de\/de\/produkte\/fcpa-d-line\/#breadcrumb"},"inLanguage":"de","potentialAction":[{"@type":"ReadAction","target":["https:\/\/dynatrade.de\/de\/produkte\/fcpa-d-line\/"]}]},{"@type":"ImageObject","inLanguage":"de","@id":"https:\/\/dynatrade.de\/de\/produkte\/fcpa-d-line\/#primaryimage","url":"https:\/\/dynatrade.de\/wp-content\/uploads\/2024\/11\/fcpa_d_line_2.jpg","contentUrl":"https:\/\/dynatrade.de\/wp-content\/uploads\/2024\/11\/fcpa_d_line_2.jpg","width":1024,"height":1024},{"@type":"BreadcrumbList","@id":"https:\/\/dynatrade.de\/de\/produkte\/fcpa-d-line\/#breadcrumb","itemListElement":[{"@type":"ListItem","position":1,"name":"Home","item":"https:\/\/dynatrade.de\/de\/"},{"@type":"ListItem","position":2,"name":"Produkte","item":"https:\/\/dynatrade.de\/products\/"},{"@type":"ListItem","position":3,"name":"FCPA D-Line"}]},{"@type":"WebSite","@id":"https:\/\/dynatrade.de\/de\/#website","url":"https:\/\/dynatrade.de\/de\/","name":"DYNA TRADE","description":"","publisher":{"@id":"https:\/\/dynatrade.de\/de\/#organization"},"potentialAction":[{"@type":"SearchAction","target":{"@type":"EntryPoint","urlTemplate":"https:\/\/dynatrade.de\/de\/?s={search_term_string}"},"query-input":{"@type":"PropertyValueSpecification","valueRequired":true,"valueName":"search_term_string"}}],"inLanguage":"de"},{"@type":"Organization","@id":"https:\/\/dynatrade.de\/de\/#organization","name":"DYNA TRADE","url":"https:\/\/dynatrade.de\/de\/","logo":{"@type":"ImageObject","inLanguage":"de","@id":"https:\/\/dynatrade.de\/de\/#\/schema\/logo\/image\/","url":"https:\/\/dynatrade.de\/wp-content\/uploads\/2025\/09\/cropped-dynatrade-logo-header-1.png","contentUrl":"https:\/\/dynatrade.de\/wp-content\/uploads\/2025\/09\/cropped-dynatrade-logo-header-1.png","width":904,"height":167,"caption":"DYNA TRADE"},"image":{"@id":"https:\/\/dynatrade.de\/de\/#\/schema\/logo\/image\/"},"sameAs":["https:\/\/facebook.com\/dynatrade","https:\/\/x.com\/dynatrade"]}]}},"_links":{"self":[{"href":"https:\/\/dynatrade.de\/de\/wp-json\/wp\/v2\/product\/1533","targetHints":{"allow":["GET"]}}],"collection":[{"href":"https:\/\/dynatrade.de\/de\/wp-json\/wp\/v2\/product"}],"about":[{"href":"https:\/\/dynatrade.de\/de\/wp-json\/wp\/v2\/types\/product"}],"replies":[{"embeddable":true,"href":"https:\/\/dynatrade.de\/de\/wp-json\/wp\/v2\/comments?post=1533"}],"wp:featuredmedia":[{"embeddable":true,"href":"https:\/\/dynatrade.de\/de\/wp-json\/wp\/v2\/media\/837"}],"wp:attachment":[{"href":"https:\/\/dynatrade.de\/de\/wp-json\/wp\/v2\/media?parent=1533"}],"wp:term":[{"taxonomy":"product_brand","embeddable":true,"href":"https:\/\/dynatrade.de\/de\/wp-json\/wp\/v2\/product_brand?post=1533"},{"taxonomy":"product_cat","embeddable":true,"href":"https:\/\/dynatrade.de\/de\/wp-json\/wp\/v2\/product_cat?post=1533"},{"taxonomy":"product_tag","embeddable":true,"href":"https:\/\/dynatrade.de\/de\/wp-json\/wp\/v2\/product_tag?post=1533"},{"taxonomy":"ampere","embeddable":true,"href":"https:\/\/dynatrade.de\/de\/wp-json\/wp\/v2\/ampere?post=1533"},{"taxonomy":"voltage","embeddable":true,"href":"https:\/\/dynatrade.de\/de\/wp-json\/wp\/v2\/voltage?post=1533"},{"taxonomy":"poles","embeddable":true,"href":"https:\/\/dynatrade.de\/de\/wp-json\/wp\/v2\/poles?post=1533"},{"taxonomy":"certs","embeddable":true,"href":"https:\/\/dynatrade.de\/de\/wp-json\/wp\/v2\/certs?post=1533"}],"curies":[{"name":"wp","href":"https:\/\/api.w.org\/{rel}","templated":true}]}}