{"id":1425,"date":"2025-09-27T16:00:51","date_gmt":"2025-09-27T16:02:01","guid":{"rendered":"https:\/\/window-sale.com\/?post_type=product&#038;p=1425"},"modified":"2025-09-27T16:03:41","modified_gmt":"2025-09-27T16:03:41","slug":"mcpa-a-line","status":"publish","type":"product","link":"https:\/\/dynatrade.de\/de\/produkte\/mcpa-a-line\/","title":{"rendered":"MCPA A-Line"},"content":{"rendered":"","protected":false},"excerpt":{"rendered":"<p>Der abgewinkelte Anbaustecker wird in Schaltanlagen, Baumaschinen und Industriegeb\u00e4uden eingesetzt. Durch seine spezielle Bauform erm\u00f6glicht er eine besonders leichte Verbindung zur Kupplung und \u00fcberzeugt gleichzeitig durch robuste Verarbeitung, hohe Belastbarkeit sowie zuverl\u00e4ssige Verbindungstechnik \u2013 f\u00fcr maximale Sicherheit und dauerhafte Funktionsf\u00e4higkeit auch unter anspruchsvollen Bedingungen.<\/p>\n","protected":false},"featured_media":752,"comment_status":"open","ping_status":"closed","template":"","meta":[],"product_brand":[],"product_cat":[119],"product_tag":[],"ampere":[83,84],"voltage":[37,41,40,39,38],"poles":[136,85],"certs":[133,134,135,132],"class_list":{"0":"post-1425","1":"product","2":"type-product","3":"status-publish","4":"has-post-thumbnail","6":"product_cat-anbaustecker-abgewinkelt","7":"ampere-500a","8":"ampere-600a","9":"voltage-1000v","10":"voltage-230v","11":"voltage-400v","12":"voltage-500v","13":"voltage-690v","14":"poles-4p","15":"poles-5p","16":"certs-ce","17":"certs-reach","18":"certs-rohs","19":"certs-vde","21":"first","22":"instock","23":"shipping-taxable","24":"product-type-simple"},"acf":[],"yoast_head":"<!-- This site is optimized with the Yoast SEO plugin v25.2 - https:\/\/yoast.com\/wordpress\/plugins\/seo\/ -->\n<title>MCPA A-Line - DynaTrade<\/title>\n<meta name=\"robots\" content=\"index, follow, max-snippet:-1, max-image-preview:large, max-video-preview:-1\" \/>\n<link rel=\"canonical\" href=\"https:\/\/dynatrade.de\/de\/produkte\/mcpa-a-line\/\" \/>\n<meta property=\"og:locale\" content=\"de_DE\" \/>\n<meta property=\"og:type\" content=\"article\" \/>\n<meta property=\"og:title\" content=\"MCPA A-Line - DynaTrade\" \/>\n<meta property=\"og:description\" content=\"Der abgewinkelte Anbaustecker wird in Schaltanlagen, Baumaschinen und Industriegeb\u00e4uden eingesetzt. Durch seine spezielle Bauform erm\u00f6glicht er eine besonders leichte Verbindung zur Kupplung und \u00fcberzeugt gleichzeitig durch robuste Verarbeitung, hohe Belastbarkeit sowie zuverl\u00e4ssige Verbindungstechnik \u2013 f\u00fcr maximale Sicherheit und dauerhafte Funktionsf\u00e4higkeit auch unter anspruchsvollen Bedingungen.\" \/>\n<meta property=\"og:url\" content=\"https:\/\/dynatrade.de\/de\/produkte\/mcpa-a-line\/\" \/>\n<meta property=\"og:site_name\" content=\"DynaTrade\" \/>\n<meta property=\"article:publisher\" content=\"https:\/\/facebook.com\/dynatrade\" \/>\n<meta property=\"article:modified_time\" content=\"2025-09-27T16:03:41+00:00\" \/>\n<meta property=\"og:image\" content=\"https:\/\/dynatrade.de\/wp-content\/uploads\/2024\/11\/mcpa_a_line.jpg\" \/>\n\t<meta property=\"og:image:width\" content=\"1024\" \/>\n\t<meta property=\"og:image:height\" content=\"1024\" \/>\n\t<meta property=\"og:image:type\" content=\"image\/jpeg\" \/>\n<meta name=\"twitter:card\" content=\"summary_large_image\" \/>\n<meta name=\"twitter:site\" content=\"@dynatrade\" \/>\n<meta name=\"twitter:label1\" content=\"Gesch\u00e4tzte Lesezeit\" \/>\n\t<meta name=\"twitter:data1\" content=\"1\u00a0Minute\" \/>\n<script type=\"application\/ld+json\" class=\"yoast-schema-graph\">{\"@context\":\"https:\/\/schema.org\",\"@graph\":[{\"@type\":\"WebPage\",\"@id\":\"https:\/\/dynatrade.de\/de\/produkte\/mcpa-a-line\/\",\"url\":\"https:\/\/dynatrade.de\/de\/produkte\/mcpa-a-line\/\",\"name\":\"MCPA A-Line - DynaTrade\",\"isPartOf\":{\"@id\":\"https:\/\/dynatrade.de\/de\/#website\"},\"primaryImageOfPage\":{\"@id\":\"https:\/\/dynatrade.de\/de\/produkte\/mcpa-a-line\/#primaryimage\"},\"image\":{\"@id\":\"https:\/\/dynatrade.de\/de\/produkte\/mcpa-a-line\/#primaryimage\"},\"thumbnailUrl\":\"https:\/\/dynatrade.de\/wp-content\/uploads\/2024\/11\/mcpa_a_line.jpg\",\"datePublished\":\"2025-09-27T16:02:01+00:00\",\"dateModified\":\"2025-09-27T16:03:41+00:00\",\"breadcrumb\":{\"@id\":\"https:\/\/dynatrade.de\/de\/produkte\/mcpa-a-line\/#breadcrumb\"},\"inLanguage\":\"de\",\"potentialAction\":[{\"@type\":\"ReadAction\",\"target\":[\"https:\/\/dynatrade.de\/de\/produkte\/mcpa-a-line\/\"]}]},{\"@type\":\"ImageObject\",\"inLanguage\":\"de\",\"@id\":\"https:\/\/dynatrade.de\/de\/produkte\/mcpa-a-line\/#primaryimage\",\"url\":\"https:\/\/dynatrade.de\/wp-content\/uploads\/2024\/11\/mcpa_a_line.jpg\",\"contentUrl\":\"https:\/\/dynatrade.de\/wp-content\/uploads\/2024\/11\/mcpa_a_line.jpg\",\"width\":1024,\"height\":1024},{\"@type\":\"BreadcrumbList\",\"@id\":\"https:\/\/dynatrade.de\/de\/produkte\/mcpa-a-line\/#breadcrumb\",\"itemListElement\":[{\"@type\":\"ListItem\",\"position\":1,\"name\":\"Home\",\"item\":\"https:\/\/dynatrade.de\/de\/\"},{\"@type\":\"ListItem\",\"position\":2,\"name\":\"Produkte\",\"item\":\"https:\/\/dynatrade.de\/products\/\"},{\"@type\":\"ListItem\",\"position\":3,\"name\":\"MCPA A-Line\"}]},{\"@type\":\"WebSite\",\"@id\":\"https:\/\/dynatrade.de\/de\/#website\",\"url\":\"https:\/\/dynatrade.de\/de\/\",\"name\":\"DYNA TRADE\",\"description\":\"\",\"publisher\":{\"@id\":\"https:\/\/dynatrade.de\/de\/#organization\"},\"potentialAction\":[{\"@type\":\"SearchAction\",\"target\":{\"@type\":\"EntryPoint\",\"urlTemplate\":\"https:\/\/dynatrade.de\/de\/?s={search_term_string}\"},\"query-input\":{\"@type\":\"PropertyValueSpecification\",\"valueRequired\":true,\"valueName\":\"search_term_string\"}}],\"inLanguage\":\"de\"},{\"@type\":\"Organization\",\"@id\":\"https:\/\/dynatrade.de\/de\/#organization\",\"name\":\"DYNA TRADE\",\"url\":\"https:\/\/dynatrade.de\/de\/\",\"logo\":{\"@type\":\"ImageObject\",\"inLanguage\":\"de\",\"@id\":\"https:\/\/dynatrade.de\/de\/#\/schema\/logo\/image\/\",\"url\":\"https:\/\/dynatrade.de\/wp-content\/uploads\/2025\/09\/cropped-dynatrade-logo-header-1.png\",\"contentUrl\":\"https:\/\/dynatrade.de\/wp-content\/uploads\/2025\/09\/cropped-dynatrade-logo-header-1.png\",\"width\":904,\"height\":167,\"caption\":\"DYNA TRADE\"},\"image\":{\"@id\":\"https:\/\/dynatrade.de\/de\/#\/schema\/logo\/image\/\"},\"sameAs\":[\"https:\/\/facebook.com\/dynatrade\",\"https:\/\/x.com\/dynatrade\"]}]}<\/script>\n<!-- \/ Yoast SEO plugin. -->","yoast_head_json":{"title":"MCPA A-Line - DynaTrade","robots":{"index":"index","follow":"follow","max-snippet":"max-snippet:-1","max-image-preview":"max-image-preview:large","max-video-preview":"max-video-preview:-1"},"canonical":"https:\/\/dynatrade.de\/de\/produkte\/mcpa-a-line\/","og_locale":"de_DE","og_type":"article","og_title":"MCPA A-Line - DynaTrade","og_description":"Der abgewinkelte Anbaustecker wird in Schaltanlagen, Baumaschinen und Industriegeb\u00e4uden eingesetzt. Durch seine spezielle Bauform erm\u00f6glicht er eine besonders leichte Verbindung zur Kupplung und \u00fcberzeugt gleichzeitig durch robuste Verarbeitung, hohe Belastbarkeit sowie zuverl\u00e4ssige Verbindungstechnik \u2013 f\u00fcr maximale Sicherheit und dauerhafte Funktionsf\u00e4higkeit auch unter anspruchsvollen Bedingungen.","og_url":"https:\/\/dynatrade.de\/de\/produkte\/mcpa-a-line\/","og_site_name":"DynaTrade","article_publisher":"https:\/\/facebook.com\/dynatrade","article_modified_time":"2025-09-27T16:03:41+00:00","og_image":[{"width":1024,"height":1024,"url":"https:\/\/dynatrade.de\/wp-content\/uploads\/2024\/11\/mcpa_a_line.jpg","type":"image\/jpeg"}],"twitter_card":"summary_large_image","twitter_site":"@dynatrade","twitter_misc":{"Gesch\u00e4tzte Lesezeit":"1\u00a0Minute"},"schema":{"@context":"https:\/\/schema.org","@graph":[{"@type":"WebPage","@id":"https:\/\/dynatrade.de\/de\/produkte\/mcpa-a-line\/","url":"https:\/\/dynatrade.de\/de\/produkte\/mcpa-a-line\/","name":"MCPA A-Line - DynaTrade","isPartOf":{"@id":"https:\/\/dynatrade.de\/de\/#website"},"primaryImageOfPage":{"@id":"https:\/\/dynatrade.de\/de\/produkte\/mcpa-a-line\/#primaryimage"},"image":{"@id":"https:\/\/dynatrade.de\/de\/produkte\/mcpa-a-line\/#primaryimage"},"thumbnailUrl":"https:\/\/dynatrade.de\/wp-content\/uploads\/2024\/11\/mcpa_a_line.jpg","datePublished":"2025-09-27T16:02:01+00:00","dateModified":"2025-09-27T16:03:41+00:00","breadcrumb":{"@id":"https:\/\/dynatrade.de\/de\/produkte\/mcpa-a-line\/#breadcrumb"},"inLanguage":"de","potentialAction":[{"@type":"ReadAction","target":["https:\/\/dynatrade.de\/de\/produkte\/mcpa-a-line\/"]}]},{"@type":"ImageObject","inLanguage":"de","@id":"https:\/\/dynatrade.de\/de\/produkte\/mcpa-a-line\/#primaryimage","url":"https:\/\/dynatrade.de\/wp-content\/uploads\/2024\/11\/mcpa_a_line.jpg","contentUrl":"https:\/\/dynatrade.de\/wp-content\/uploads\/2024\/11\/mcpa_a_line.jpg","width":1024,"height":1024},{"@type":"BreadcrumbList","@id":"https:\/\/dynatrade.de\/de\/produkte\/mcpa-a-line\/#breadcrumb","itemListElement":[{"@type":"ListItem","position":1,"name":"Home","item":"https:\/\/dynatrade.de\/de\/"},{"@type":"ListItem","position":2,"name":"Produkte","item":"https:\/\/dynatrade.de\/products\/"},{"@type":"ListItem","position":3,"name":"MCPA A-Line"}]},{"@type":"WebSite","@id":"https:\/\/dynatrade.de\/de\/#website","url":"https:\/\/dynatrade.de\/de\/","name":"DYNA TRADE","description":"","publisher":{"@id":"https:\/\/dynatrade.de\/de\/#organization"},"potentialAction":[{"@type":"SearchAction","target":{"@type":"EntryPoint","urlTemplate":"https:\/\/dynatrade.de\/de\/?s={search_term_string}"},"query-input":{"@type":"PropertyValueSpecification","valueRequired":true,"valueName":"search_term_string"}}],"inLanguage":"de"},{"@type":"Organization","@id":"https:\/\/dynatrade.de\/de\/#organization","name":"DYNA TRADE","url":"https:\/\/dynatrade.de\/de\/","logo":{"@type":"ImageObject","inLanguage":"de","@id":"https:\/\/dynatrade.de\/de\/#\/schema\/logo\/image\/","url":"https:\/\/dynatrade.de\/wp-content\/uploads\/2025\/09\/cropped-dynatrade-logo-header-1.png","contentUrl":"https:\/\/dynatrade.de\/wp-content\/uploads\/2025\/09\/cropped-dynatrade-logo-header-1.png","width":904,"height":167,"caption":"DYNA TRADE"},"image":{"@id":"https:\/\/dynatrade.de\/de\/#\/schema\/logo\/image\/"},"sameAs":["https:\/\/facebook.com\/dynatrade","https:\/\/x.com\/dynatrade"]}]}},"_links":{"self":[{"href":"https:\/\/dynatrade.de\/de\/wp-json\/wp\/v2\/product\/1425","targetHints":{"allow":["GET"]}}],"collection":[{"href":"https:\/\/dynatrade.de\/de\/wp-json\/wp\/v2\/product"}],"about":[{"href":"https:\/\/dynatrade.de\/de\/wp-json\/wp\/v2\/types\/product"}],"replies":[{"embeddable":true,"href":"https:\/\/dynatrade.de\/de\/wp-json\/wp\/v2\/comments?post=1425"}],"wp:featuredmedia":[{"embeddable":true,"href":"https:\/\/dynatrade.de\/de\/wp-json\/wp\/v2\/media\/752"}],"wp:attachment":[{"href":"https:\/\/dynatrade.de\/de\/wp-json\/wp\/v2\/media?parent=1425"}],"wp:term":[{"taxonomy":"product_brand","embeddable":true,"href":"https:\/\/dynatrade.de\/de\/wp-json\/wp\/v2\/product_brand?post=1425"},{"taxonomy":"product_cat","embeddable":true,"href":"https:\/\/dynatrade.de\/de\/wp-json\/wp\/v2\/product_cat?post=1425"},{"taxonomy":"product_tag","embeddable":true,"href":"https:\/\/dynatrade.de\/de\/wp-json\/wp\/v2\/product_tag?post=1425"},{"taxonomy":"ampere","embeddable":true,"href":"https:\/\/dynatrade.de\/de\/wp-json\/wp\/v2\/ampere?post=1425"},{"taxonomy":"voltage","embeddable":true,"href":"https:\/\/dynatrade.de\/de\/wp-json\/wp\/v2\/voltage?post=1425"},{"taxonomy":"poles","embeddable":true,"href":"https:\/\/dynatrade.de\/de\/wp-json\/wp\/v2\/poles?post=1425"},{"taxonomy":"certs","embeddable":true,"href":"https:\/\/dynatrade.de\/de\/wp-json\/wp\/v2\/certs?post=1425"}],"curies":[{"name":"wp","href":"https:\/\/api.w.org\/{rel}","templated":true}]}}